{"id":353,"date":"2022-11-24T15:30:09","date_gmt":"2022-11-24T14:30:09","guid":{"rendered":"https:\/\/visual.bigfive.cloud\/?page_id=353"},"modified":"2023-04-02T17:40:34","modified_gmt":"2023-04-02T15:40:34","slug":"about","status":"publish","type":"page","link":"https:\/\/visual.bigfive.cloud\/es\/about\/","title":{"rendered":"About"},"content":{"rendered":"<div class=\"wp-block-group primo-blocco-pagina-altre cc\"><div class=\"wp-block-group__inner-container is-layout-constrained wp-block-group-is-layout-constrained\">\n<header class=\"wp-block-group\"><div class=\"wp-block-group__inner-container is-layout-constrained wp-block-group-is-layout-constrained\">\n<h1 class=\"wp-block-heading split cc\">Quienes somos<\/h1>\n<\/div><\/header>\n<\/div><\/div>\n\n\n\n<div class=\"wp-block-group primo-blocco-about cc\"><div class=\"wp-block-group__inner-container is-layout-constrained wp-block-group-is-layout-constrained\">\n<h2 class=\"wp-block-heading\"><strong>BigFive Visual es una agencia especializada en dise\u00f1o gr\u00e1fico y comunicaci\u00f3n visual que se destaca en la ideaci\u00f3n y desarrollo de proyectos de comunicaci\u00f3n para empresas y organizaciones de cualquier tama\u00f1o. Con m\u00e1s de 15 a\u00f1os de experiencia en la industria, el equipo de BigFive Visual ofrece soluciones gr\u00e1ficas personalizadas y de alta calidad que se adaptan a las necesidades \u00fanicas de cada proyecto.<\/strong><\/h2>\n\n\n\n<h2 class=\"wp-block-heading\">Desde el sector empresarial hasta el social, BigFive Visual trabaja con sus clientes para proporcionar servicios de dise\u00f1o gr\u00e1fico a medida que satisfacen sus requerimientos espec\u00edficos. Su experiencia y competencia en la industria les permiten transformar cualquier proyecto en un \u00e9xito visual, ayudando a sus clientes a alcanzar sus objetivos de comunicaci\u00f3n.<\/h2>\n\n\n\n<p>El enfoque personalizado de BigFive Visual la convierten en una opci\u00f3n destacada para las empresas y organizaciones que buscan servicios de dise\u00f1o gr\u00e1fico y comunicaci\u00f3n visual de alta calidad para mejorar su presencia on line y atraer a su audiencia.<\/p>\n<\/div><\/div>\n\n\n\n<p><\/p>\n\n\n\n<p><\/p>\n\n\n\n<p class=\"has-text-align-left\"><\/p>\n\n\n\n<div class=\"wp-block-columns is-layout-flex wp-container-core-columns-is-layout-9d6595d7 wp-block-columns-is-layout-flex\">\n<div class=\"wp-block-column is-layout-flow wp-block-column-is-layout-flow\">\n<figure class=\"wp-block-image size-full\"><img loading=\"lazy\" decoding=\"async\" width=\"464\" height=\"529\" src=\"https:\/\/visual.bigfive.cloud\/wp-content\/uploads\/2023\/03\/roberto-about-1.jpg\" alt=\"\" class=\"wp-image-865\" title=\"\" srcset=\"https:\/\/visual.bigfive.cloud\/wp-content\/uploads\/2023\/03\/roberto-about-1.jpg 464w, https:\/\/visual.bigfive.cloud\/wp-content\/uploads\/2023\/03\/roberto-about-1-11x12.jpg 11w\" sizes=\"auto, (max-width: 464px) 100vw, 464px\" \/><figcaption class=\"wp-element-caption\"><strong>Roberto Nova<\/strong><br>Soy el Director Creativo de BigFive Visual, especializado en Dise\u00f1o Visual. Despu\u00e9s de fundar y lanzar la agencia de comunicaci\u00f3n BigFive, cre\u00e9 BigFive Visual, donde decid\u00ed condensar y expresar al m\u00e1ximo el potencial creativo de la comunicaci\u00f3n visual y el dise\u00f1o gr\u00e1fico para nuestros clientes.<\/figcaption><\/figure>\n<\/div>\n\n\n\n<div class=\"wp-block-column is-layout-flow wp-block-column-is-layout-flow\">\n<figure class=\"wp-block-image size-full\"><img loading=\"lazy\" decoding=\"async\" width=\"464\" height=\"529\" src=\"https:\/\/visual.bigfive.cloud\/wp-content\/uploads\/2023\/03\/Giacomo-about.jpg\" alt=\"\" class=\"wp-image-857\" title=\"\" srcset=\"https:\/\/visual.bigfive.cloud\/wp-content\/uploads\/2023\/03\/Giacomo-about.jpg 464w, https:\/\/visual.bigfive.cloud\/wp-content\/uploads\/2023\/03\/Giacomo-about-11x12.jpg 11w\" sizes=\"auto, (max-width: 464px) 100vw, 464px\" \/><figcaption class=\"wp-element-caption\"><strong>Giacomo Bonomi <br><\/strong>Soy especializado en comunicaci\u00f3n visual, identidad de marca, dise\u00f1o web y fotograf\u00eda. Tomo fotos en digital pero tambi\u00e9n en pel\u00edcula, desarrollo los negativos e imprimo las fotos en blanco y negro.<\/figcaption><\/figure>\n<\/div>\n\n\n\n<div class=\"wp-block-column is-layout-flow wp-block-column-is-layout-flow\">\n<figure class=\"wp-block-image size-full\"><img loading=\"lazy\" decoding=\"async\" width=\"464\" height=\"529\" src=\"https:\/\/visual.bigfive.cloud\/wp-content\/uploads\/2023\/03\/Nicola-about3.jpg\" alt=\"\" class=\"wp-image-872\" title=\"\" srcset=\"https:\/\/visual.bigfive.cloud\/wp-content\/uploads\/2023\/03\/Nicola-about3.jpg 464w, https:\/\/visual.bigfive.cloud\/wp-content\/uploads\/2023\/03\/Nicola-about3-11x12.jpg 11w\" sizes=\"auto, (max-width: 464px) 100vw, 464px\" \/><figcaption class=\"wp-element-caption\"><strong>Nicola Bianchi <\/strong><br>Soy un dise\u00f1ador multidisciplinario especializado en la creaci\u00f3n de videos y motion design para canales digitales como redes sociales y sitios web. He colaborado con numerosos clientes de renombre internacional, como Terranova, Calliope, MICAM Milano, Dr. Sch\u00e4r, L\u2019Or\u00e9al, Ferrari, Ferrero y Campari.<\/figcaption><\/figure>\n<\/div>\n<\/div>","protected":false},"excerpt":{"rendered":"<p>Chi siamo BigFive Visual \u00e8 un\u2019agenzia di design grafico e comunicazione visiva specializzata nell\u2019ideazione e sviluppo di progetti di comunicazione per aziende e organizzazioni di ogni dimensione. Grazie alla lunga esperienza nel settore, il team di BigFive Visual \u00e8 in grado di offrire soluzioni grafiche personalizzate e di alta qualit\u00e0, perfette per incontrare le esigenze [&hellip;]<\/p>\n","protected":false},"author":1,"featured_media":0,"parent":0,"menu_order":0,"comment_status":"closed","ping_status":"closed","template":"","meta":{"_acf_changed":false,"inline_featured_image":false,"footnotes":""},"class_list":["post-353","page","type-page","status-publish","hentry"],"acf":[],"_links":{"self":[{"href":"https:\/\/visual.bigfive.cloud\/es\/wp-json\/wp\/v2\/pages\/353","targetHints":{"allow":["GET"]}}],"collection":[{"href":"https:\/\/visual.bigfive.cloud\/es\/wp-json\/wp\/v2\/pages"}],"about":[{"href":"https:\/\/visual.bigfive.cloud\/es\/wp-json\/wp\/v2\/types\/page"}],"author":[{"embeddable":true,"href":"https:\/\/visual.bigfive.cloud\/es\/wp-json\/wp\/v2\/users\/1"}],"replies":[{"embeddable":true,"href":"https:\/\/visual.bigfive.cloud\/es\/wp-json\/wp\/v2\/comments?post=353"}],"version-history":[{"count":66,"href":"https:\/\/visual.bigfive.cloud\/es\/wp-json\/wp\/v2\/pages\/353\/revisions"}],"predecessor-version":[{"id":956,"href":"https:\/\/visual.bigfive.cloud\/es\/wp-json\/wp\/v2\/pages\/353\/revisions\/956"}],"wp:attachment":[{"href":"https:\/\/visual.bigfive.cloud\/es\/wp-json\/wp\/v2\/media?parent=353"}],"curies":[{"name":"wp","href":"https:\/\/api.w.org\/{rel}","templated":true}]}}